{"id":25682,"date":"2021-10-01T15:14:50","date_gmt":"2021-10-01T15:14:50","guid":{"rendered":"https:\/\/www.valuemedpharma.com\/product\/jeropa\/"},"modified":"2021-10-01T15:14:50","modified_gmt":"2021-10-01T13:14:50","slug":"jeropa","status":"publish","type":"product","link":"https:\/\/www.valuemedpharma.com\/fr\/product\/jeropa\/","title":{"rendered":"Jeropa"},"content":{"rendered":"","protected":false},"excerpt":{"rendered":"","protected":false},"featured_media":25680,"template":"","meta":{"_acf_changed":false},"product_brand":[],"product_cat":[508],"product_tag":[],"class_list":{"0":"post-25682","1":"product","2":"type-product","3":"status-publish","4":"has-post-thumbnail","6":"product_cat-cardiologie","8":"first","9":"instock","10":"shipping-taxable","11":"product-type-simple"},"acf":[],"yoast_head":"<!-- This site is optimized with the Yoast SEO plugin v27.1.1 - https:\/\/yoast.com\/product\/yoast-seo-wordpress\/ -->\n<title>Jeropa - ValueMED Pharma<\/title>\n<meta name=\"description\" content=\"Jeropa est un compl\u00e9ment \u00e0 base de Sauge, R\u00e9glisse, Caf\u00e9ine, Chardon-Marie, Ginseng. Mode d&#039;emploi : 5 ml, pur ou dilu\u00e9 dans de l&#039;eau, deux fois par jour apr\u00e8s les principaux repas.\" \/>\n<meta name=\"robots\" content=\"index, follow, max-snippet:-1, max-image-preview:large, max-video-preview:-1\" \/>\n<link rel=\"canonical\" href=\"https:\/\/www.valuemedpharma.com\/fr\/product\/jeropa\/\" \/>\n<meta property=\"og:locale\" content=\"fr_FR\" \/>\n<meta property=\"og:type\" content=\"article\" \/>\n<meta property=\"og:title\" content=\"Jeropa - ValueMED Pharma\" \/>\n<meta property=\"og:description\" content=\"Jeropa est un compl\u00e9ment \u00e0 base de Sauge, R\u00e9glisse, Caf\u00e9ine, Chardon-Marie, Ginseng. Mode d&#039;emploi : 5 ml, pur ou dilu\u00e9 dans de l&#039;eau, deux fois par jour apr\u00e8s les principaux repas.\" \/>\n<meta property=\"og:url\" content=\"https:\/\/www.valuemedpharma.com\/fr\/product\/jeropa\/\" \/>\n<meta property=\"og:site_name\" content=\"ValueMED Pharma\" \/>\n<meta property=\"article:publisher\" content=\"https:\/\/www.facebook.com\/ValuemedPharma\" \/>\n<meta property=\"og:image\" content=\"https:\/\/www.valuemedpharma.com\/wp-content\/uploads\/2002\/03\/JEROPA.png\" \/>\n\t<meta property=\"og:image:width\" content=\"800\" \/>\n\t<meta property=\"og:image:height\" content=\"800\" \/>\n\t<meta property=\"og:image:type\" content=\"image\/png\" \/>\n<meta name=\"twitter:card\" content=\"summary_large_image\" \/>\n<script type=\"application\/ld+json\" class=\"yoast-schema-graph\">{\"@context\":\"https:\/\/schema.org\",\"@graph\":[{\"@type\":\"WebPage\",\"@id\":\"https:\/\/www.valuemedpharma.com\/fr\/product\/jeropa\/\",\"url\":\"https:\/\/www.valuemedpharma.com\/fr\/product\/jeropa\/\",\"name\":\"Jeropa - ValueMED Pharma\",\"isPartOf\":{\"@id\":\"https:\/\/www.valuemedpharma.com\/fr\/#website\"},\"primaryImageOfPage\":{\"@id\":\"https:\/\/www.valuemedpharma.com\/fr\/product\/jeropa\/#primaryimage\"},\"image\":{\"@id\":\"https:\/\/www.valuemedpharma.com\/fr\/product\/jeropa\/#primaryimage\"},\"thumbnailUrl\":\"https:\/\/www.valuemedpharma.com\/wp-content\/uploads\/2002\/03\/JEROPA.png\",\"datePublished\":\"2021-10-01T15:14:50+00:00\",\"description\":\"Jeropa est un compl\u00e9ment \u00e0 base de Sauge, R\u00e9glisse, Caf\u00e9ine, Chardon-Marie, Ginseng. Mode d'emploi : 5 ml, pur ou dilu\u00e9 dans de l'eau, deux fois par jour apr\u00e8s les principaux repas.\",\"breadcrumb\":{\"@id\":\"https:\/\/www.valuemedpharma.com\/fr\/product\/jeropa\/#breadcrumb\"},\"inLanguage\":\"fr-FR\",\"potentialAction\":[{\"@type\":\"ReadAction\",\"target\":[\"https:\/\/www.valuemedpharma.com\/fr\/product\/jeropa\/\"]}]},{\"@type\":\"ImageObject\",\"inLanguage\":\"fr-FR\",\"@id\":\"https:\/\/www.valuemedpharma.com\/fr\/product\/jeropa\/#primaryimage\",\"url\":\"https:\/\/www.valuemedpharma.com\/wp-content\/uploads\/2002\/03\/JEROPA.png\",\"contentUrl\":\"https:\/\/www.valuemedpharma.com\/wp-content\/uploads\/2002\/03\/JEROPA.png\",\"width\":800,\"height\":800,\"caption\":\"JEROPA\"},{\"@type\":\"BreadcrumbList\",\"@id\":\"https:\/\/www.valuemedpharma.com\/fr\/product\/jeropa\/#breadcrumb\",\"itemListElement\":[{\"@type\":\"ListItem\",\"position\":1,\"name\":\"Home\",\"item\":\"https:\/\/www.valuemedpharma.com\/fr\/homepage\/\"},{\"@type\":\"ListItem\",\"position\":2,\"name\":\"Boutique\",\"item\":\"https:\/\/www.valuemedpharma.com\/shop\/\"},{\"@type\":\"ListItem\",\"position\":3,\"name\":\"Jeropa\"}]},{\"@type\":\"WebSite\",\"@id\":\"https:\/\/www.valuemedpharma.com\/fr\/#website\",\"url\":\"https:\/\/www.valuemedpharma.com\/fr\/\",\"name\":\"ValueMED Pharma\",\"description\":\"Integratori Alimentari al Servizio del Benessere\",\"publisher\":{\"@id\":\"https:\/\/www.valuemedpharma.com\/fr\/#organization\"},\"alternateName\":\"ValueMED Pharma\",\"potentialAction\":[{\"@type\":\"SearchAction\",\"target\":{\"@type\":\"EntryPoint\",\"urlTemplate\":\"https:\/\/www.valuemedpharma.com\/fr\/?s={search_term_string}\"},\"query-input\":{\"@type\":\"PropertyValueSpecification\",\"valueRequired\":true,\"valueName\":\"search_term_string\"}}],\"inLanguage\":\"fr-FR\"},{\"@type\":\"Organization\",\"@id\":\"https:\/\/www.valuemedpharma.com\/fr\/#organization\",\"name\":\"ValueMED Pharma\",\"url\":\"https:\/\/www.valuemedpharma.com\/fr\/\",\"logo\":{\"@type\":\"ImageObject\",\"inLanguage\":\"fr-FR\",\"@id\":\"https:\/\/www.valuemedpharma.com\/fr\/#\/schema\/logo\/image\/\",\"url\":\"https:\/\/www.valuemedpharma.com\/wp-content\/uploads\/2023\/12\/cropped-VMP_Logo.png\",\"contentUrl\":\"https:\/\/www.valuemedpharma.com\/wp-content\/uploads\/2023\/12\/cropped-VMP_Logo.png\",\"width\":624,\"height\":115,\"caption\":\"ValueMED Pharma\"},\"image\":{\"@id\":\"https:\/\/www.valuemedpharma.com\/fr\/#\/schema\/logo\/image\/\"},\"sameAs\":[\"https:\/\/www.facebook.com\/ValuemedPharma\",\"https:\/\/www.linkedin.com\/company\/valuemed-pharma-srl\/\",\"https:\/\/www.instagram.com\/valuemedpharma\/\"]}]}<\/script>\n<!-- \/ Yoast SEO plugin. -->","yoast_head_json":{"title":"Jeropa - ValueMED Pharma","description":"Jeropa est un compl\u00e9ment \u00e0 base de Sauge, R\u00e9glisse, Caf\u00e9ine, Chardon-Marie, Ginseng. Mode d'emploi : 5 ml, pur ou dilu\u00e9 dans de l'eau, deux fois par jour apr\u00e8s les principaux repas.","robots":{"index":"index","follow":"follow","max-snippet":"max-snippet:-1","max-image-preview":"max-image-preview:large","max-video-preview":"max-video-preview:-1"},"canonical":"https:\/\/www.valuemedpharma.com\/fr\/product\/jeropa\/","og_locale":"fr_FR","og_type":"article","og_title":"Jeropa - ValueMED Pharma","og_description":"Jeropa est un compl\u00e9ment \u00e0 base de Sauge, R\u00e9glisse, Caf\u00e9ine, Chardon-Marie, Ginseng. Mode d'emploi : 5 ml, pur ou dilu\u00e9 dans de l'eau, deux fois par jour apr\u00e8s les principaux repas.","og_url":"https:\/\/www.valuemedpharma.com\/fr\/product\/jeropa\/","og_site_name":"ValueMED Pharma","article_publisher":"https:\/\/www.facebook.com\/ValuemedPharma","og_image":[{"width":800,"height":800,"url":"https:\/\/www.valuemedpharma.com\/wp-content\/uploads\/2002\/03\/JEROPA.png","type":"image\/png"}],"twitter_card":"summary_large_image","schema":{"@context":"https:\/\/schema.org","@graph":[{"@type":"WebPage","@id":"https:\/\/www.valuemedpharma.com\/fr\/product\/jeropa\/","url":"https:\/\/www.valuemedpharma.com\/fr\/product\/jeropa\/","name":"Jeropa - ValueMED Pharma","isPartOf":{"@id":"https:\/\/www.valuemedpharma.com\/fr\/#website"},"primaryImageOfPage":{"@id":"https:\/\/www.valuemedpharma.com\/fr\/product\/jeropa\/#primaryimage"},"image":{"@id":"https:\/\/www.valuemedpharma.com\/fr\/product\/jeropa\/#primaryimage"},"thumbnailUrl":"https:\/\/www.valuemedpharma.com\/wp-content\/uploads\/2002\/03\/JEROPA.png","datePublished":"2021-10-01T15:14:50+00:00","description":"Jeropa est un compl\u00e9ment \u00e0 base de Sauge, R\u00e9glisse, Caf\u00e9ine, Chardon-Marie, Ginseng. Mode d'emploi : 5 ml, pur ou dilu\u00e9 dans de l'eau, deux fois par jour apr\u00e8s les principaux repas.","breadcrumb":{"@id":"https:\/\/www.valuemedpharma.com\/fr\/product\/jeropa\/#breadcrumb"},"inLanguage":"fr-FR","potentialAction":[{"@type":"ReadAction","target":["https:\/\/www.valuemedpharma.com\/fr\/product\/jeropa\/"]}]},{"@type":"ImageObject","inLanguage":"fr-FR","@id":"https:\/\/www.valuemedpharma.com\/fr\/product\/jeropa\/#primaryimage","url":"https:\/\/www.valuemedpharma.com\/wp-content\/uploads\/2002\/03\/JEROPA.png","contentUrl":"https:\/\/www.valuemedpharma.com\/wp-content\/uploads\/2002\/03\/JEROPA.png","width":800,"height":800,"caption":"JEROPA"},{"@type":"BreadcrumbList","@id":"https:\/\/www.valuemedpharma.com\/fr\/product\/jeropa\/#breadcrumb","itemListElement":[{"@type":"ListItem","position":1,"name":"Home","item":"https:\/\/www.valuemedpharma.com\/fr\/homepage\/"},{"@type":"ListItem","position":2,"name":"Boutique","item":"https:\/\/www.valuemedpharma.com\/shop\/"},{"@type":"ListItem","position":3,"name":"Jeropa"}]},{"@type":"WebSite","@id":"https:\/\/www.valuemedpharma.com\/fr\/#website","url":"https:\/\/www.valuemedpharma.com\/fr\/","name":"ValueMED Pharma","description":"Integratori Alimentari al Servizio del Benessere","publisher":{"@id":"https:\/\/www.valuemedpharma.com\/fr\/#organization"},"alternateName":"ValueMED Pharma","potentialAction":[{"@type":"SearchAction","target":{"@type":"EntryPoint","urlTemplate":"https:\/\/www.valuemedpharma.com\/fr\/?s={search_term_string}"},"query-input":{"@type":"PropertyValueSpecification","valueRequired":true,"valueName":"search_term_string"}}],"inLanguage":"fr-FR"},{"@type":"Organization","@id":"https:\/\/www.valuemedpharma.com\/fr\/#organization","name":"ValueMED Pharma","url":"https:\/\/www.valuemedpharma.com\/fr\/","logo":{"@type":"ImageObject","inLanguage":"fr-FR","@id":"https:\/\/www.valuemedpharma.com\/fr\/#\/schema\/logo\/image\/","url":"https:\/\/www.valuemedpharma.com\/wp-content\/uploads\/2023\/12\/cropped-VMP_Logo.png","contentUrl":"https:\/\/www.valuemedpharma.com\/wp-content\/uploads\/2023\/12\/cropped-VMP_Logo.png","width":624,"height":115,"caption":"ValueMED Pharma"},"image":{"@id":"https:\/\/www.valuemedpharma.com\/fr\/#\/schema\/logo\/image\/"},"sameAs":["https:\/\/www.facebook.com\/ValuemedPharma","https:\/\/www.linkedin.com\/company\/valuemed-pharma-srl\/","https:\/\/www.instagram.com\/valuemedpharma\/"]}]}},"_links":{"self":[{"href":"https:\/\/www.valuemedpharma.com\/fr\/wp-json\/wp\/v2\/product\/25682","targetHints":{"allow":["GET"]}}],"collection":[{"href":"https:\/\/www.valuemedpharma.com\/fr\/wp-json\/wp\/v2\/product"}],"about":[{"href":"https:\/\/www.valuemedpharma.com\/fr\/wp-json\/wp\/v2\/types\/product"}],"version-history":[{"count":0,"href":"https:\/\/www.valuemedpharma.com\/fr\/wp-json\/wp\/v2\/product\/25682\/revisions"}],"wp:featuredmedia":[{"embeddable":true,"href":"https:\/\/www.valuemedpharma.com\/fr\/wp-json\/wp\/v2\/media\/25680"}],"wp:attachment":[{"href":"https:\/\/www.valuemedpharma.com\/fr\/wp-json\/wp\/v2\/media?parent=25682"}],"wp:term":[{"taxonomy":"product_brand","embeddable":true,"href":"https:\/\/www.valuemedpharma.com\/fr\/wp-json\/wp\/v2\/product_brand?post=25682"},{"taxonomy":"product_cat","embeddable":true,"href":"https:\/\/www.valuemedpharma.com\/fr\/wp-json\/wp\/v2\/product_cat?post=25682"},{"taxonomy":"product_tag","embeddable":true,"href":"https:\/\/www.valuemedpharma.com\/fr\/wp-json\/wp\/v2\/product_tag?post=25682"}],"curies":[{"name":"wp","href":"https:\/\/api.w.org\/{rel}","templated":true}]}}