{"id":25659,"date":"2022-08-01T14:47:59","date_gmt":"2022-08-01T14:47:59","guid":{"rendered":"https:\/\/www.valuemedpharma.com\/product\/hydrogem-athletic\/"},"modified":"2022-08-01T14:47:59","modified_gmt":"2022-08-01T12:47:59","slug":"hydrogem-athletic","status":"publish","type":"product","link":"https:\/\/www.valuemedpharma.com\/fr\/product\/hydrogem-athletic\/","title":{"rendered":"Hydrogem Athletic"},"content":{"rendered":"","protected":false},"excerpt":{"rendered":"","protected":false},"featured_media":25648,"template":"","meta":{"_acf_changed":false},"product_brand":[],"product_cat":[494],"product_tag":[],"class_list":{"0":"post-25659","1":"product","2":"type-product","3":"status-publish","4":"has-post-thumbnail","6":"product_cat-medecine-du-sport","8":"first","9":"instock","10":"shipping-taxable","11":"product-type-simple"},"acf":[],"yoast_head":"<!-- This site is optimized with the Yoast SEO plugin v27.1.1 - https:\/\/yoast.com\/product\/yoast-seo-wordpress\/ -->\n<title>Hydrogem Athletic - ValueMED Pharma<\/title>\n<meta name=\"description\" content=\"Hydrogem Athletic \u00e0 base de collag\u00e8ne hydrolys\u00e9, L-carnitine, b\u00eata-alanine, guarana, resv\u00e9ratrol, cuivre, mangan\u00e8se, s\u00e9l\u00e9nium, complexe de vitamines B, vitamine E, vitamine C et vitamine D\" \/>\n<meta name=\"robots\" content=\"index, follow, max-snippet:-1, max-image-preview:large, max-video-preview:-1\" \/>\n<link rel=\"canonical\" href=\"https:\/\/www.valuemedpharma.com\/fr\/product\/hydrogem-athletic\/\" \/>\n<meta property=\"og:locale\" content=\"fr_FR\" \/>\n<meta property=\"og:type\" content=\"article\" \/>\n<meta property=\"og:title\" content=\"Hydrogem Athletic - ValueMED Pharma\" \/>\n<meta property=\"og:description\" content=\"Hydrogem Athletic \u00e0 base de collag\u00e8ne hydrolys\u00e9, L-carnitine, b\u00eata-alanine, guarana, resv\u00e9ratrol, cuivre, mangan\u00e8se, s\u00e9l\u00e9nium, complexe de vitamines B, vitamine E, vitamine C et vitamine D\" \/>\n<meta property=\"og:url\" content=\"https:\/\/www.valuemedpharma.com\/fr\/product\/hydrogem-athletic\/\" \/>\n<meta property=\"og:site_name\" content=\"ValueMED Pharma\" \/>\n<meta property=\"article:publisher\" content=\"https:\/\/www.facebook.com\/ValuemedPharma\" \/>\n<meta property=\"og:image\" content=\"https:\/\/www.valuemedpharma.com\/wp-content\/uploads\/2002\/11\/HYDROGEM-ATHLETIC.png\" \/>\n\t<meta property=\"og:image:width\" content=\"800\" \/>\n\t<meta property=\"og:image:height\" content=\"800\" \/>\n\t<meta property=\"og:image:type\" content=\"image\/png\" \/>\n<meta name=\"twitter:card\" content=\"summary_large_image\" \/>\n<script type=\"application\/ld+json\" class=\"yoast-schema-graph\">{\"@context\":\"https:\/\/schema.org\",\"@graph\":[{\"@type\":\"WebPage\",\"@id\":\"https:\/\/www.valuemedpharma.com\/fr\/product\/hydrogem-athletic\/\",\"url\":\"https:\/\/www.valuemedpharma.com\/fr\/product\/hydrogem-athletic\/\",\"name\":\"Hydrogem Athletic - ValueMED Pharma\",\"isPartOf\":{\"@id\":\"https:\/\/www.valuemedpharma.com\/fr\/#website\"},\"primaryImageOfPage\":{\"@id\":\"https:\/\/www.valuemedpharma.com\/fr\/product\/hydrogem-athletic\/#primaryimage\"},\"image\":{\"@id\":\"https:\/\/www.valuemedpharma.com\/fr\/product\/hydrogem-athletic\/#primaryimage\"},\"thumbnailUrl\":\"https:\/\/www.valuemedpharma.com\/wp-content\/uploads\/2002\/11\/HYDROGEM-ATHLETIC.png\",\"datePublished\":\"2022-08-01T14:47:59+00:00\",\"description\":\"Hydrogem Athletic \u00e0 base de collag\u00e8ne hydrolys\u00e9, L-carnitine, b\u00eata-alanine, guarana, resv\u00e9ratrol, cuivre, mangan\u00e8se, s\u00e9l\u00e9nium, complexe de vitamines B, vitamine E, vitamine C et vitamine D\",\"breadcrumb\":{\"@id\":\"https:\/\/www.valuemedpharma.com\/fr\/product\/hydrogem-athletic\/#breadcrumb\"},\"inLanguage\":\"fr-FR\",\"potentialAction\":[{\"@type\":\"ReadAction\",\"target\":[\"https:\/\/www.valuemedpharma.com\/fr\/product\/hydrogem-athletic\/\"]}]},{\"@type\":\"ImageObject\",\"inLanguage\":\"fr-FR\",\"@id\":\"https:\/\/www.valuemedpharma.com\/fr\/product\/hydrogem-athletic\/#primaryimage\",\"url\":\"https:\/\/www.valuemedpharma.com\/wp-content\/uploads\/2002\/11\/HYDROGEM-ATHLETIC.png\",\"contentUrl\":\"https:\/\/www.valuemedpharma.com\/wp-content\/uploads\/2002\/11\/HYDROGEM-ATHLETIC.png\",\"width\":800,\"height\":800,\"caption\":\"HYDROGEM ATHLETIC\"},{\"@type\":\"BreadcrumbList\",\"@id\":\"https:\/\/www.valuemedpharma.com\/fr\/product\/hydrogem-athletic\/#breadcrumb\",\"itemListElement\":[{\"@type\":\"ListItem\",\"position\":1,\"name\":\"Home\",\"item\":\"https:\/\/www.valuemedpharma.com\/fr\/homepage\/\"},{\"@type\":\"ListItem\",\"position\":2,\"name\":\"Boutique\",\"item\":\"https:\/\/www.valuemedpharma.com\/shop\/\"},{\"@type\":\"ListItem\",\"position\":3,\"name\":\"Hydrogem Athletic\"}]},{\"@type\":\"WebSite\",\"@id\":\"https:\/\/www.valuemedpharma.com\/fr\/#website\",\"url\":\"https:\/\/www.valuemedpharma.com\/fr\/\",\"name\":\"ValueMED Pharma\",\"description\":\"Integratori Alimentari al Servizio del Benessere\",\"publisher\":{\"@id\":\"https:\/\/www.valuemedpharma.com\/fr\/#organization\"},\"alternateName\":\"ValueMED Pharma\",\"potentialAction\":[{\"@type\":\"SearchAction\",\"target\":{\"@type\":\"EntryPoint\",\"urlTemplate\":\"https:\/\/www.valuemedpharma.com\/fr\/?s={search_term_string}\"},\"query-input\":{\"@type\":\"PropertyValueSpecification\",\"valueRequired\":true,\"valueName\":\"search_term_string\"}}],\"inLanguage\":\"fr-FR\"},{\"@type\":\"Organization\",\"@id\":\"https:\/\/www.valuemedpharma.com\/fr\/#organization\",\"name\":\"ValueMED Pharma\",\"url\":\"https:\/\/www.valuemedpharma.com\/fr\/\",\"logo\":{\"@type\":\"ImageObject\",\"inLanguage\":\"fr-FR\",\"@id\":\"https:\/\/www.valuemedpharma.com\/fr\/#\/schema\/logo\/image\/\",\"url\":\"https:\/\/www.valuemedpharma.com\/wp-content\/uploads\/2023\/12\/cropped-VMP_Logo.png\",\"contentUrl\":\"https:\/\/www.valuemedpharma.com\/wp-content\/uploads\/2023\/12\/cropped-VMP_Logo.png\",\"width\":624,\"height\":115,\"caption\":\"ValueMED Pharma\"},\"image\":{\"@id\":\"https:\/\/www.valuemedpharma.com\/fr\/#\/schema\/logo\/image\/\"},\"sameAs\":[\"https:\/\/www.facebook.com\/ValuemedPharma\",\"https:\/\/www.linkedin.com\/company\/valuemed-pharma-srl\/\",\"https:\/\/www.instagram.com\/valuemedpharma\/\"]}]}<\/script>\n<!-- \/ Yoast SEO plugin. -->","yoast_head_json":{"title":"Hydrogem Athletic - ValueMED Pharma","description":"Hydrogem Athletic \u00e0 base de collag\u00e8ne hydrolys\u00e9, L-carnitine, b\u00eata-alanine, guarana, resv\u00e9ratrol, cuivre, mangan\u00e8se, s\u00e9l\u00e9nium, complexe de vitamines B, vitamine E, vitamine C et vitamine D","robots":{"index":"index","follow":"follow","max-snippet":"max-snippet:-1","max-image-preview":"max-image-preview:large","max-video-preview":"max-video-preview:-1"},"canonical":"https:\/\/www.valuemedpharma.com\/fr\/product\/hydrogem-athletic\/","og_locale":"fr_FR","og_type":"article","og_title":"Hydrogem Athletic - ValueMED Pharma","og_description":"Hydrogem Athletic \u00e0 base de collag\u00e8ne hydrolys\u00e9, L-carnitine, b\u00eata-alanine, guarana, resv\u00e9ratrol, cuivre, mangan\u00e8se, s\u00e9l\u00e9nium, complexe de vitamines B, vitamine E, vitamine C et vitamine D","og_url":"https:\/\/www.valuemedpharma.com\/fr\/product\/hydrogem-athletic\/","og_site_name":"ValueMED Pharma","article_publisher":"https:\/\/www.facebook.com\/ValuemedPharma","og_image":[{"width":800,"height":800,"url":"https:\/\/www.valuemedpharma.com\/wp-content\/uploads\/2002\/11\/HYDROGEM-ATHLETIC.png","type":"image\/png"}],"twitter_card":"summary_large_image","schema":{"@context":"https:\/\/schema.org","@graph":[{"@type":"WebPage","@id":"https:\/\/www.valuemedpharma.com\/fr\/product\/hydrogem-athletic\/","url":"https:\/\/www.valuemedpharma.com\/fr\/product\/hydrogem-athletic\/","name":"Hydrogem Athletic - ValueMED Pharma","isPartOf":{"@id":"https:\/\/www.valuemedpharma.com\/fr\/#website"},"primaryImageOfPage":{"@id":"https:\/\/www.valuemedpharma.com\/fr\/product\/hydrogem-athletic\/#primaryimage"},"image":{"@id":"https:\/\/www.valuemedpharma.com\/fr\/product\/hydrogem-athletic\/#primaryimage"},"thumbnailUrl":"https:\/\/www.valuemedpharma.com\/wp-content\/uploads\/2002\/11\/HYDROGEM-ATHLETIC.png","datePublished":"2022-08-01T14:47:59+00:00","description":"Hydrogem Athletic \u00e0 base de collag\u00e8ne hydrolys\u00e9, L-carnitine, b\u00eata-alanine, guarana, resv\u00e9ratrol, cuivre, mangan\u00e8se, s\u00e9l\u00e9nium, complexe de vitamines B, vitamine E, vitamine C et vitamine D","breadcrumb":{"@id":"https:\/\/www.valuemedpharma.com\/fr\/product\/hydrogem-athletic\/#breadcrumb"},"inLanguage":"fr-FR","potentialAction":[{"@type":"ReadAction","target":["https:\/\/www.valuemedpharma.com\/fr\/product\/hydrogem-athletic\/"]}]},{"@type":"ImageObject","inLanguage":"fr-FR","@id":"https:\/\/www.valuemedpharma.com\/fr\/product\/hydrogem-athletic\/#primaryimage","url":"https:\/\/www.valuemedpharma.com\/wp-content\/uploads\/2002\/11\/HYDROGEM-ATHLETIC.png","contentUrl":"https:\/\/www.valuemedpharma.com\/wp-content\/uploads\/2002\/11\/HYDROGEM-ATHLETIC.png","width":800,"height":800,"caption":"HYDROGEM ATHLETIC"},{"@type":"BreadcrumbList","@id":"https:\/\/www.valuemedpharma.com\/fr\/product\/hydrogem-athletic\/#breadcrumb","itemListElement":[{"@type":"ListItem","position":1,"name":"Home","item":"https:\/\/www.valuemedpharma.com\/fr\/homepage\/"},{"@type":"ListItem","position":2,"name":"Boutique","item":"https:\/\/www.valuemedpharma.com\/shop\/"},{"@type":"ListItem","position":3,"name":"Hydrogem Athletic"}]},{"@type":"WebSite","@id":"https:\/\/www.valuemedpharma.com\/fr\/#website","url":"https:\/\/www.valuemedpharma.com\/fr\/","name":"ValueMED Pharma","description":"Integratori Alimentari al Servizio del Benessere","publisher":{"@id":"https:\/\/www.valuemedpharma.com\/fr\/#organization"},"alternateName":"ValueMED Pharma","potentialAction":[{"@type":"SearchAction","target":{"@type":"EntryPoint","urlTemplate":"https:\/\/www.valuemedpharma.com\/fr\/?s={search_term_string}"},"query-input":{"@type":"PropertyValueSpecification","valueRequired":true,"valueName":"search_term_string"}}],"inLanguage":"fr-FR"},{"@type":"Organization","@id":"https:\/\/www.valuemedpharma.com\/fr\/#organization","name":"ValueMED Pharma","url":"https:\/\/www.valuemedpharma.com\/fr\/","logo":{"@type":"ImageObject","inLanguage":"fr-FR","@id":"https:\/\/www.valuemedpharma.com\/fr\/#\/schema\/logo\/image\/","url":"https:\/\/www.valuemedpharma.com\/wp-content\/uploads\/2023\/12\/cropped-VMP_Logo.png","contentUrl":"https:\/\/www.valuemedpharma.com\/wp-content\/uploads\/2023\/12\/cropped-VMP_Logo.png","width":624,"height":115,"caption":"ValueMED Pharma"},"image":{"@id":"https:\/\/www.valuemedpharma.com\/fr\/#\/schema\/logo\/image\/"},"sameAs":["https:\/\/www.facebook.com\/ValuemedPharma","https:\/\/www.linkedin.com\/company\/valuemed-pharma-srl\/","https:\/\/www.instagram.com\/valuemedpharma\/"]}]}},"_links":{"self":[{"href":"https:\/\/www.valuemedpharma.com\/fr\/wp-json\/wp\/v2\/product\/25659","targetHints":{"allow":["GET"]}}],"collection":[{"href":"https:\/\/www.valuemedpharma.com\/fr\/wp-json\/wp\/v2\/product"}],"about":[{"href":"https:\/\/www.valuemedpharma.com\/fr\/wp-json\/wp\/v2\/types\/product"}],"version-history":[{"count":0,"href":"https:\/\/www.valuemedpharma.com\/fr\/wp-json\/wp\/v2\/product\/25659\/revisions"}],"wp:featuredmedia":[{"embeddable":true,"href":"https:\/\/www.valuemedpharma.com\/fr\/wp-json\/wp\/v2\/media\/25648"}],"wp:attachment":[{"href":"https:\/\/www.valuemedpharma.com\/fr\/wp-json\/wp\/v2\/media?parent=25659"}],"wp:term":[{"taxonomy":"product_brand","embeddable":true,"href":"https:\/\/www.valuemedpharma.com\/fr\/wp-json\/wp\/v2\/product_brand?post=25659"},{"taxonomy":"product_cat","embeddable":true,"href":"https:\/\/www.valuemedpharma.com\/fr\/wp-json\/wp\/v2\/product_cat?post=25659"},{"taxonomy":"product_tag","embeddable":true,"href":"https:\/\/www.valuemedpharma.com\/fr\/wp-json\/wp\/v2\/product_tag?post=25659"}],"curies":[{"name":"wp","href":"https:\/\/api.w.org\/{rel}","templated":true}]}}