{"id":25606,"date":"2020-06-01T14:51:24","date_gmt":"2020-06-01T14:51:24","guid":{"rendered":"https:\/\/www.valuemedpharma.com\/product\/nutri-joint\/"},"modified":"2025-12-03T14:32:07","modified_gmt":"2025-12-03T13:32:07","slug":"nutri-joint","status":"publish","type":"product","link":"https:\/\/www.valuemedpharma.com\/fr\/product\/nutri-joint\/","title":{"rendered":"Nutri Joint"},"content":{"rendered":"","protected":false},"excerpt":{"rendered":"","protected":false},"featured_media":26851,"template":"","meta":{"_acf_changed":false},"product_brand":[],"product_cat":[494,546],"product_tag":[],"class_list":{"0":"post-25606","1":"product","2":"type-product","3":"status-publish","4":"has-post-thumbnail","6":"product_cat-medecine-du-sport","7":"product_cat-orthopedie-2","9":"first","10":"instock","11":"shipping-taxable","12":"product-type-simple"},"acf":[],"yoast_head":"<!-- This site is optimized with the Yoast SEO plugin v27.1.1 - https:\/\/yoast.com\/product\/yoast-seo-wordpress\/ -->\n<title>Nutri Joint - ValueMED Pharma<\/title>\n<meta name=\"description\" content=\"Nutri Joint \u00e0 base de sulfate de glucosamine, sulfate de chondro\u00eftine, MSM, collag\u00e8ne hydrolys\u00e9, curcuma, oxyde de magn\u00e9sium, gluconate de calcium, vitamine B6, vitamine D3\" \/>\n<meta name=\"robots\" content=\"index, follow, max-snippet:-1, max-image-preview:large, max-video-preview:-1\" \/>\n<link rel=\"canonical\" href=\"https:\/\/www.valuemedpharma.com\/fr\/product\/nutri-joint\/\" \/>\n<meta property=\"og:locale\" content=\"fr_FR\" \/>\n<meta property=\"og:type\" content=\"article\" \/>\n<meta property=\"og:title\" content=\"Nutri Joint - ValueMED Pharma\" \/>\n<meta property=\"og:description\" content=\"Nutri Joint \u00e0 base de sulfate de glucosamine, sulfate de chondro\u00eftine, MSM, collag\u00e8ne hydrolys\u00e9, curcuma, oxyde de magn\u00e9sium, gluconate de calcium, vitamine B6, vitamine D3\" \/>\n<meta property=\"og:url\" content=\"https:\/\/www.valuemedpharma.com\/fr\/product\/nutri-joint\/\" \/>\n<meta property=\"og:site_name\" content=\"ValueMED Pharma\" \/>\n<meta property=\"article:publisher\" content=\"https:\/\/www.facebook.com\/ValuemedPharma\" \/>\n<meta property=\"article:modified_time\" content=\"2025-12-03T13:32:07+00:00\" \/>\n<meta property=\"og:image\" content=\"https:\/\/www.valuemedpharma.com\/wp-content\/uploads\/2020\/06\/NUTRI-JOINT.png\" \/>\n\t<meta property=\"og:image:width\" content=\"800\" \/>\n\t<meta property=\"og:image:height\" content=\"800\" \/>\n\t<meta property=\"og:image:type\" content=\"image\/png\" \/>\n<meta name=\"twitter:card\" content=\"summary_large_image\" \/>\n<meta name=\"twitter:label1\" content=\"Dur\u00e9e de lecture estim\u00e9e\" \/>\n\t<meta name=\"twitter:data1\" content=\"1 minute\" \/>\n<script type=\"application\/ld+json\" class=\"yoast-schema-graph\">{\"@context\":\"https:\/\/schema.org\",\"@graph\":[{\"@type\":\"WebPage\",\"@id\":\"https:\/\/www.valuemedpharma.com\/fr\/product\/nutri-joint\/\",\"url\":\"https:\/\/www.valuemedpharma.com\/fr\/product\/nutri-joint\/\",\"name\":\"Nutri Joint - ValueMED Pharma\",\"isPartOf\":{\"@id\":\"https:\/\/www.valuemedpharma.com\/fr\/#website\"},\"primaryImageOfPage\":{\"@id\":\"https:\/\/www.valuemedpharma.com\/fr\/product\/nutri-joint\/#primaryimage\"},\"image\":{\"@id\":\"https:\/\/www.valuemedpharma.com\/fr\/product\/nutri-joint\/#primaryimage\"},\"thumbnailUrl\":\"https:\/\/www.valuemedpharma.com\/wp-content\/uploads\/2020\/06\/NUTRI-JOINT.png\",\"datePublished\":\"2020-06-01T14:51:24+00:00\",\"dateModified\":\"2025-12-03T13:32:07+00:00\",\"description\":\"Nutri Joint \u00e0 base de sulfate de glucosamine, sulfate de chondro\u00eftine, MSM, collag\u00e8ne hydrolys\u00e9, curcuma, oxyde de magn\u00e9sium, gluconate de calcium, vitamine B6, vitamine D3\",\"breadcrumb\":{\"@id\":\"https:\/\/www.valuemedpharma.com\/fr\/product\/nutri-joint\/#breadcrumb\"},\"inLanguage\":\"fr-FR\",\"potentialAction\":[{\"@type\":\"ReadAction\",\"target\":[\"https:\/\/www.valuemedpharma.com\/fr\/product\/nutri-joint\/\"]}]},{\"@type\":\"ImageObject\",\"inLanguage\":\"fr-FR\",\"@id\":\"https:\/\/www.valuemedpharma.com\/fr\/product\/nutri-joint\/#primaryimage\",\"url\":\"https:\/\/www.valuemedpharma.com\/wp-content\/uploads\/2020\/06\/NUTRI-JOINT.png\",\"contentUrl\":\"https:\/\/www.valuemedpharma.com\/wp-content\/uploads\/2020\/06\/NUTRI-JOINT.png\",\"width\":800,\"height\":800,\"caption\":\"NUTRI JOINT\"},{\"@type\":\"BreadcrumbList\",\"@id\":\"https:\/\/www.valuemedpharma.com\/fr\/product\/nutri-joint\/#breadcrumb\",\"itemListElement\":[{\"@type\":\"ListItem\",\"position\":1,\"name\":\"Home\",\"item\":\"https:\/\/www.valuemedpharma.com\/fr\/homepage\/\"},{\"@type\":\"ListItem\",\"position\":2,\"name\":\"Boutique\",\"item\":\"https:\/\/www.valuemedpharma.com\/shop\/\"},{\"@type\":\"ListItem\",\"position\":3,\"name\":\"Nutri Joint\"}]},{\"@type\":\"WebSite\",\"@id\":\"https:\/\/www.valuemedpharma.com\/fr\/#website\",\"url\":\"https:\/\/www.valuemedpharma.com\/fr\/\",\"name\":\"ValueMED Pharma\",\"description\":\"Integratori Alimentari al Servizio del Benessere\",\"publisher\":{\"@id\":\"https:\/\/www.valuemedpharma.com\/fr\/#organization\"},\"alternateName\":\"ValueMED Pharma\",\"potentialAction\":[{\"@type\":\"SearchAction\",\"target\":{\"@type\":\"EntryPoint\",\"urlTemplate\":\"https:\/\/www.valuemedpharma.com\/fr\/?s={search_term_string}\"},\"query-input\":{\"@type\":\"PropertyValueSpecification\",\"valueRequired\":true,\"valueName\":\"search_term_string\"}}],\"inLanguage\":\"fr-FR\"},{\"@type\":\"Organization\",\"@id\":\"https:\/\/www.valuemedpharma.com\/fr\/#organization\",\"name\":\"ValueMED Pharma\",\"url\":\"https:\/\/www.valuemedpharma.com\/fr\/\",\"logo\":{\"@type\":\"ImageObject\",\"inLanguage\":\"fr-FR\",\"@id\":\"https:\/\/www.valuemedpharma.com\/fr\/#\/schema\/logo\/image\/\",\"url\":\"https:\/\/www.valuemedpharma.com\/wp-content\/uploads\/2023\/12\/cropped-VMP_Logo.png\",\"contentUrl\":\"https:\/\/www.valuemedpharma.com\/wp-content\/uploads\/2023\/12\/cropped-VMP_Logo.png\",\"width\":624,\"height\":115,\"caption\":\"ValueMED Pharma\"},\"image\":{\"@id\":\"https:\/\/www.valuemedpharma.com\/fr\/#\/schema\/logo\/image\/\"},\"sameAs\":[\"https:\/\/www.facebook.com\/ValuemedPharma\",\"https:\/\/www.linkedin.com\/company\/valuemed-pharma-srl\/\",\"https:\/\/www.instagram.com\/valuemedpharma\/\"]}]}<\/script>\n<!-- \/ Yoast SEO plugin. -->","yoast_head_json":{"title":"Nutri Joint - ValueMED Pharma","description":"Nutri Joint \u00e0 base de sulfate de glucosamine, sulfate de chondro\u00eftine, MSM, collag\u00e8ne hydrolys\u00e9, curcuma, oxyde de magn\u00e9sium, gluconate de calcium, vitamine B6, vitamine D3","robots":{"index":"index","follow":"follow","max-snippet":"max-snippet:-1","max-image-preview":"max-image-preview:large","max-video-preview":"max-video-preview:-1"},"canonical":"https:\/\/www.valuemedpharma.com\/fr\/product\/nutri-joint\/","og_locale":"fr_FR","og_type":"article","og_title":"Nutri Joint - ValueMED Pharma","og_description":"Nutri Joint \u00e0 base de sulfate de glucosamine, sulfate de chondro\u00eftine, MSM, collag\u00e8ne hydrolys\u00e9, curcuma, oxyde de magn\u00e9sium, gluconate de calcium, vitamine B6, vitamine D3","og_url":"https:\/\/www.valuemedpharma.com\/fr\/product\/nutri-joint\/","og_site_name":"ValueMED Pharma","article_publisher":"https:\/\/www.facebook.com\/ValuemedPharma","article_modified_time":"2025-12-03T13:32:07+00:00","og_image":[{"width":800,"height":800,"url":"https:\/\/www.valuemedpharma.com\/wp-content\/uploads\/2020\/06\/NUTRI-JOINT.png","type":"image\/png"}],"twitter_card":"summary_large_image","twitter_misc":{"Dur\u00e9e de lecture estim\u00e9e":"1 minute"},"schema":{"@context":"https:\/\/schema.org","@graph":[{"@type":"WebPage","@id":"https:\/\/www.valuemedpharma.com\/fr\/product\/nutri-joint\/","url":"https:\/\/www.valuemedpharma.com\/fr\/product\/nutri-joint\/","name":"Nutri Joint - ValueMED Pharma","isPartOf":{"@id":"https:\/\/www.valuemedpharma.com\/fr\/#website"},"primaryImageOfPage":{"@id":"https:\/\/www.valuemedpharma.com\/fr\/product\/nutri-joint\/#primaryimage"},"image":{"@id":"https:\/\/www.valuemedpharma.com\/fr\/product\/nutri-joint\/#primaryimage"},"thumbnailUrl":"https:\/\/www.valuemedpharma.com\/wp-content\/uploads\/2020\/06\/NUTRI-JOINT.png","datePublished":"2020-06-01T14:51:24+00:00","dateModified":"2025-12-03T13:32:07+00:00","description":"Nutri Joint \u00e0 base de sulfate de glucosamine, sulfate de chondro\u00eftine, MSM, collag\u00e8ne hydrolys\u00e9, curcuma, oxyde de magn\u00e9sium, gluconate de calcium, vitamine B6, vitamine D3","breadcrumb":{"@id":"https:\/\/www.valuemedpharma.com\/fr\/product\/nutri-joint\/#breadcrumb"},"inLanguage":"fr-FR","potentialAction":[{"@type":"ReadAction","target":["https:\/\/www.valuemedpharma.com\/fr\/product\/nutri-joint\/"]}]},{"@type":"ImageObject","inLanguage":"fr-FR","@id":"https:\/\/www.valuemedpharma.com\/fr\/product\/nutri-joint\/#primaryimage","url":"https:\/\/www.valuemedpharma.com\/wp-content\/uploads\/2020\/06\/NUTRI-JOINT.png","contentUrl":"https:\/\/www.valuemedpharma.com\/wp-content\/uploads\/2020\/06\/NUTRI-JOINT.png","width":800,"height":800,"caption":"NUTRI JOINT"},{"@type":"BreadcrumbList","@id":"https:\/\/www.valuemedpharma.com\/fr\/product\/nutri-joint\/#breadcrumb","itemListElement":[{"@type":"ListItem","position":1,"name":"Home","item":"https:\/\/www.valuemedpharma.com\/fr\/homepage\/"},{"@type":"ListItem","position":2,"name":"Boutique","item":"https:\/\/www.valuemedpharma.com\/shop\/"},{"@type":"ListItem","position":3,"name":"Nutri Joint"}]},{"@type":"WebSite","@id":"https:\/\/www.valuemedpharma.com\/fr\/#website","url":"https:\/\/www.valuemedpharma.com\/fr\/","name":"ValueMED Pharma","description":"Integratori Alimentari al Servizio del Benessere","publisher":{"@id":"https:\/\/www.valuemedpharma.com\/fr\/#organization"},"alternateName":"ValueMED Pharma","potentialAction":[{"@type":"SearchAction","target":{"@type":"EntryPoint","urlTemplate":"https:\/\/www.valuemedpharma.com\/fr\/?s={search_term_string}"},"query-input":{"@type":"PropertyValueSpecification","valueRequired":true,"valueName":"search_term_string"}}],"inLanguage":"fr-FR"},{"@type":"Organization","@id":"https:\/\/www.valuemedpharma.com\/fr\/#organization","name":"ValueMED Pharma","url":"https:\/\/www.valuemedpharma.com\/fr\/","logo":{"@type":"ImageObject","inLanguage":"fr-FR","@id":"https:\/\/www.valuemedpharma.com\/fr\/#\/schema\/logo\/image\/","url":"https:\/\/www.valuemedpharma.com\/wp-content\/uploads\/2023\/12\/cropped-VMP_Logo.png","contentUrl":"https:\/\/www.valuemedpharma.com\/wp-content\/uploads\/2023\/12\/cropped-VMP_Logo.png","width":624,"height":115,"caption":"ValueMED Pharma"},"image":{"@id":"https:\/\/www.valuemedpharma.com\/fr\/#\/schema\/logo\/image\/"},"sameAs":["https:\/\/www.facebook.com\/ValuemedPharma","https:\/\/www.linkedin.com\/company\/valuemed-pharma-srl\/","https:\/\/www.instagram.com\/valuemedpharma\/"]}]}},"_links":{"self":[{"href":"https:\/\/www.valuemedpharma.com\/fr\/wp-json\/wp\/v2\/product\/25606","targetHints":{"allow":["GET"]}}],"collection":[{"href":"https:\/\/www.valuemedpharma.com\/fr\/wp-json\/wp\/v2\/product"}],"about":[{"href":"https:\/\/www.valuemedpharma.com\/fr\/wp-json\/wp\/v2\/types\/product"}],"version-history":[{"count":1,"href":"https:\/\/www.valuemedpharma.com\/fr\/wp-json\/wp\/v2\/product\/25606\/revisions"}],"predecessor-version":[{"id":26859,"href":"https:\/\/www.valuemedpharma.com\/fr\/wp-json\/wp\/v2\/product\/25606\/revisions\/26859"}],"wp:featuredmedia":[{"embeddable":true,"href":"https:\/\/www.valuemedpharma.com\/fr\/wp-json\/wp\/v2\/media\/26851"}],"wp:attachment":[{"href":"https:\/\/www.valuemedpharma.com\/fr\/wp-json\/wp\/v2\/media?parent=25606"}],"wp:term":[{"taxonomy":"product_brand","embeddable":true,"href":"https:\/\/www.valuemedpharma.com\/fr\/wp-json\/wp\/v2\/product_brand?post=25606"},{"taxonomy":"product_cat","embeddable":true,"href":"https:\/\/www.valuemedpharma.com\/fr\/wp-json\/wp\/v2\/product_cat?post=25606"},{"taxonomy":"product_tag","embeddable":true,"href":"https:\/\/www.valuemedpharma.com\/fr\/wp-json\/wp\/v2\/product_tag?post=25606"}],"curies":[{"name":"wp","href":"https:\/\/api.w.org\/{rel}","templated":true}]}}