{"id":24986,"date":"2024-02-01T07:11:37","date_gmt":"2024-02-01T07:11:37","guid":{"rendered":"https:\/\/www.valuemedpharma.com\/product\/every-day\/"},"modified":"2024-02-01T07:11:37","modified_gmt":"2024-02-01T06:11:37","slug":"every-day","status":"publish","type":"product","link":"https:\/\/www.valuemedpharma.com\/fr\/product\/every-day\/","title":{"rendered":"Every Day"},"content":{"rendered":"","protected":false},"excerpt":{"rendered":"","protected":false},"featured_media":24984,"template":"","meta":{"_acf_changed":false},"product_brand":[],"product_cat":[510],"product_tag":[],"class_list":{"0":"post-24986","1":"product","2":"type-product","3":"status-publish","4":"has-post-thumbnail","6":"product_cat-soins-quotidiens","8":"first","9":"instock","10":"shipping-taxable","11":"product-type-simple"},"acf":[],"yoast_head":"<!-- This site is optimized with the Yoast SEO plugin v27.1.1 - https:\/\/yoast.com\/product\/yoast-seo-wordpress\/ -->\n<title>Every Day - ValueMED Pharma<\/title>\n<meta name=\"description\" content=\"Compl\u00e9ment quotidien \u00e0 base de calcium, phosphore, magn\u00e9sium, potassium, fer, zinc, mangan\u00e8se, cuivre, iode, s\u00e9l\u00e9nium, vitamine C, complexe de vitamines B, vitamine E, vitamine A, vitamine K, vitamine D3 et biotine\" \/>\n<meta name=\"robots\" content=\"index, follow, max-snippet:-1, max-image-preview:large, max-video-preview:-1\" \/>\n<link rel=\"canonical\" href=\"https:\/\/www.valuemedpharma.com\/fr\/product\/every-day\/\" \/>\n<meta property=\"og:locale\" content=\"fr_FR\" \/>\n<meta property=\"og:type\" content=\"article\" \/>\n<meta property=\"og:title\" content=\"Every Day - ValueMED Pharma\" \/>\n<meta property=\"og:description\" content=\"Compl\u00e9ment quotidien \u00e0 base de calcium, phosphore, magn\u00e9sium, potassium, fer, zinc, mangan\u00e8se, cuivre, iode, s\u00e9l\u00e9nium, vitamine C, complexe de vitamines B, vitamine E, vitamine A, vitamine K, vitamine D3 et biotine\" \/>\n<meta property=\"og:url\" content=\"https:\/\/www.valuemedpharma.com\/fr\/product\/every-day\/\" \/>\n<meta property=\"og:site_name\" content=\"ValueMED Pharma\" \/>\n<meta property=\"article:publisher\" content=\"https:\/\/www.facebook.com\/ValuemedPharma\" \/>\n<meta property=\"og:image\" content=\"https:\/\/www.valuemedpharma.com\/wp-content\/uploads\/2004\/05\/EVERY-DAY.png\" \/>\n\t<meta property=\"og:image:width\" content=\"800\" \/>\n\t<meta property=\"og:image:height\" content=\"800\" \/>\n\t<meta property=\"og:image:type\" content=\"image\/png\" \/>\n<meta name=\"twitter:card\" content=\"summary_large_image\" \/>\n<script type=\"application\/ld+json\" class=\"yoast-schema-graph\">{\"@context\":\"https:\/\/schema.org\",\"@graph\":[{\"@type\":\"WebPage\",\"@id\":\"https:\/\/www.valuemedpharma.com\/fr\/product\/every-day\/\",\"url\":\"https:\/\/www.valuemedpharma.com\/fr\/product\/every-day\/\",\"name\":\"Every Day - ValueMED Pharma\",\"isPartOf\":{\"@id\":\"https:\/\/www.valuemedpharma.com\/fr\/#website\"},\"primaryImageOfPage\":{\"@id\":\"https:\/\/www.valuemedpharma.com\/fr\/product\/every-day\/#primaryimage\"},\"image\":{\"@id\":\"https:\/\/www.valuemedpharma.com\/fr\/product\/every-day\/#primaryimage\"},\"thumbnailUrl\":\"https:\/\/www.valuemedpharma.com\/wp-content\/uploads\/2004\/05\/EVERY-DAY.png\",\"datePublished\":\"2024-02-01T07:11:37+00:00\",\"description\":\"Compl\u00e9ment quotidien \u00e0 base de calcium, phosphore, magn\u00e9sium, potassium, fer, zinc, mangan\u00e8se, cuivre, iode, s\u00e9l\u00e9nium, vitamine C, complexe de vitamines B, vitamine E, vitamine A, vitamine K, vitamine D3 et biotine\",\"breadcrumb\":{\"@id\":\"https:\/\/www.valuemedpharma.com\/fr\/product\/every-day\/#breadcrumb\"},\"inLanguage\":\"fr-FR\",\"potentialAction\":[{\"@type\":\"ReadAction\",\"target\":[\"https:\/\/www.valuemedpharma.com\/fr\/product\/every-day\/\"]}]},{\"@type\":\"ImageObject\",\"inLanguage\":\"fr-FR\",\"@id\":\"https:\/\/www.valuemedpharma.com\/fr\/product\/every-day\/#primaryimage\",\"url\":\"https:\/\/www.valuemedpharma.com\/wp-content\/uploads\/2004\/05\/EVERY-DAY.png\",\"contentUrl\":\"https:\/\/www.valuemedpharma.com\/wp-content\/uploads\/2004\/05\/EVERY-DAY.png\",\"width\":800,\"height\":800,\"caption\":\"EVERY DAY\"},{\"@type\":\"BreadcrumbList\",\"@id\":\"https:\/\/www.valuemedpharma.com\/fr\/product\/every-day\/#breadcrumb\",\"itemListElement\":[{\"@type\":\"ListItem\",\"position\":1,\"name\":\"Home\",\"item\":\"https:\/\/www.valuemedpharma.com\/fr\/homepage\/\"},{\"@type\":\"ListItem\",\"position\":2,\"name\":\"Boutique\",\"item\":\"https:\/\/www.valuemedpharma.com\/shop\/\"},{\"@type\":\"ListItem\",\"position\":3,\"name\":\"Every Day\"}]},{\"@type\":\"WebSite\",\"@id\":\"https:\/\/www.valuemedpharma.com\/fr\/#website\",\"url\":\"https:\/\/www.valuemedpharma.com\/fr\/\",\"name\":\"ValueMED Pharma\",\"description\":\"Integratori Alimentari al Servizio del Benessere\",\"publisher\":{\"@id\":\"https:\/\/www.valuemedpharma.com\/fr\/#organization\"},\"alternateName\":\"ValueMED Pharma\",\"potentialAction\":[{\"@type\":\"SearchAction\",\"target\":{\"@type\":\"EntryPoint\",\"urlTemplate\":\"https:\/\/www.valuemedpharma.com\/fr\/?s={search_term_string}\"},\"query-input\":{\"@type\":\"PropertyValueSpecification\",\"valueRequired\":true,\"valueName\":\"search_term_string\"}}],\"inLanguage\":\"fr-FR\"},{\"@type\":\"Organization\",\"@id\":\"https:\/\/www.valuemedpharma.com\/fr\/#organization\",\"name\":\"ValueMED Pharma\",\"url\":\"https:\/\/www.valuemedpharma.com\/fr\/\",\"logo\":{\"@type\":\"ImageObject\",\"inLanguage\":\"fr-FR\",\"@id\":\"https:\/\/www.valuemedpharma.com\/fr\/#\/schema\/logo\/image\/\",\"url\":\"https:\/\/www.valuemedpharma.com\/wp-content\/uploads\/2023\/12\/cropped-VMP_Logo.png\",\"contentUrl\":\"https:\/\/www.valuemedpharma.com\/wp-content\/uploads\/2023\/12\/cropped-VMP_Logo.png\",\"width\":624,\"height\":115,\"caption\":\"ValueMED Pharma\"},\"image\":{\"@id\":\"https:\/\/www.valuemedpharma.com\/fr\/#\/schema\/logo\/image\/\"},\"sameAs\":[\"https:\/\/www.facebook.com\/ValuemedPharma\",\"https:\/\/www.linkedin.com\/company\/valuemed-pharma-srl\/\",\"https:\/\/www.instagram.com\/valuemedpharma\/\"]}]}<\/script>\n<!-- \/ Yoast SEO plugin. -->","yoast_head_json":{"title":"Every Day - ValueMED Pharma","description":"Compl\u00e9ment quotidien \u00e0 base de calcium, phosphore, magn\u00e9sium, potassium, fer, zinc, mangan\u00e8se, cuivre, iode, s\u00e9l\u00e9nium, vitamine C, complexe de vitamines B, vitamine E, vitamine A, vitamine K, vitamine D3 et biotine","robots":{"index":"index","follow":"follow","max-snippet":"max-snippet:-1","max-image-preview":"max-image-preview:large","max-video-preview":"max-video-preview:-1"},"canonical":"https:\/\/www.valuemedpharma.com\/fr\/product\/every-day\/","og_locale":"fr_FR","og_type":"article","og_title":"Every Day - ValueMED Pharma","og_description":"Compl\u00e9ment quotidien \u00e0 base de calcium, phosphore, magn\u00e9sium, potassium, fer, zinc, mangan\u00e8se, cuivre, iode, s\u00e9l\u00e9nium, vitamine C, complexe de vitamines B, vitamine E, vitamine A, vitamine K, vitamine D3 et biotine","og_url":"https:\/\/www.valuemedpharma.com\/fr\/product\/every-day\/","og_site_name":"ValueMED Pharma","article_publisher":"https:\/\/www.facebook.com\/ValuemedPharma","og_image":[{"width":800,"height":800,"url":"https:\/\/www.valuemedpharma.com\/wp-content\/uploads\/2004\/05\/EVERY-DAY.png","type":"image\/png"}],"twitter_card":"summary_large_image","schema":{"@context":"https:\/\/schema.org","@graph":[{"@type":"WebPage","@id":"https:\/\/www.valuemedpharma.com\/fr\/product\/every-day\/","url":"https:\/\/www.valuemedpharma.com\/fr\/product\/every-day\/","name":"Every Day - ValueMED Pharma","isPartOf":{"@id":"https:\/\/www.valuemedpharma.com\/fr\/#website"},"primaryImageOfPage":{"@id":"https:\/\/www.valuemedpharma.com\/fr\/product\/every-day\/#primaryimage"},"image":{"@id":"https:\/\/www.valuemedpharma.com\/fr\/product\/every-day\/#primaryimage"},"thumbnailUrl":"https:\/\/www.valuemedpharma.com\/wp-content\/uploads\/2004\/05\/EVERY-DAY.png","datePublished":"2024-02-01T07:11:37+00:00","description":"Compl\u00e9ment quotidien \u00e0 base de calcium, phosphore, magn\u00e9sium, potassium, fer, zinc, mangan\u00e8se, cuivre, iode, s\u00e9l\u00e9nium, vitamine C, complexe de vitamines B, vitamine E, vitamine A, vitamine K, vitamine D3 et biotine","breadcrumb":{"@id":"https:\/\/www.valuemedpharma.com\/fr\/product\/every-day\/#breadcrumb"},"inLanguage":"fr-FR","potentialAction":[{"@type":"ReadAction","target":["https:\/\/www.valuemedpharma.com\/fr\/product\/every-day\/"]}]},{"@type":"ImageObject","inLanguage":"fr-FR","@id":"https:\/\/www.valuemedpharma.com\/fr\/product\/every-day\/#primaryimage","url":"https:\/\/www.valuemedpharma.com\/wp-content\/uploads\/2004\/05\/EVERY-DAY.png","contentUrl":"https:\/\/www.valuemedpharma.com\/wp-content\/uploads\/2004\/05\/EVERY-DAY.png","width":800,"height":800,"caption":"EVERY DAY"},{"@type":"BreadcrumbList","@id":"https:\/\/www.valuemedpharma.com\/fr\/product\/every-day\/#breadcrumb","itemListElement":[{"@type":"ListItem","position":1,"name":"Home","item":"https:\/\/www.valuemedpharma.com\/fr\/homepage\/"},{"@type":"ListItem","position":2,"name":"Boutique","item":"https:\/\/www.valuemedpharma.com\/shop\/"},{"@type":"ListItem","position":3,"name":"Every Day"}]},{"@type":"WebSite","@id":"https:\/\/www.valuemedpharma.com\/fr\/#website","url":"https:\/\/www.valuemedpharma.com\/fr\/","name":"ValueMED Pharma","description":"Integratori Alimentari al Servizio del Benessere","publisher":{"@id":"https:\/\/www.valuemedpharma.com\/fr\/#organization"},"alternateName":"ValueMED Pharma","potentialAction":[{"@type":"SearchAction","target":{"@type":"EntryPoint","urlTemplate":"https:\/\/www.valuemedpharma.com\/fr\/?s={search_term_string}"},"query-input":{"@type":"PropertyValueSpecification","valueRequired":true,"valueName":"search_term_string"}}],"inLanguage":"fr-FR"},{"@type":"Organization","@id":"https:\/\/www.valuemedpharma.com\/fr\/#organization","name":"ValueMED Pharma","url":"https:\/\/www.valuemedpharma.com\/fr\/","logo":{"@type":"ImageObject","inLanguage":"fr-FR","@id":"https:\/\/www.valuemedpharma.com\/fr\/#\/schema\/logo\/image\/","url":"https:\/\/www.valuemedpharma.com\/wp-content\/uploads\/2023\/12\/cropped-VMP_Logo.png","contentUrl":"https:\/\/www.valuemedpharma.com\/wp-content\/uploads\/2023\/12\/cropped-VMP_Logo.png","width":624,"height":115,"caption":"ValueMED Pharma"},"image":{"@id":"https:\/\/www.valuemedpharma.com\/fr\/#\/schema\/logo\/image\/"},"sameAs":["https:\/\/www.facebook.com\/ValuemedPharma","https:\/\/www.linkedin.com\/company\/valuemed-pharma-srl\/","https:\/\/www.instagram.com\/valuemedpharma\/"]}]}},"_links":{"self":[{"href":"https:\/\/www.valuemedpharma.com\/fr\/wp-json\/wp\/v2\/product\/24986","targetHints":{"allow":["GET"]}}],"collection":[{"href":"https:\/\/www.valuemedpharma.com\/fr\/wp-json\/wp\/v2\/product"}],"about":[{"href":"https:\/\/www.valuemedpharma.com\/fr\/wp-json\/wp\/v2\/types\/product"}],"version-history":[{"count":0,"href":"https:\/\/www.valuemedpharma.com\/fr\/wp-json\/wp\/v2\/product\/24986\/revisions"}],"wp:featuredmedia":[{"embeddable":true,"href":"https:\/\/www.valuemedpharma.com\/fr\/wp-json\/wp\/v2\/media\/24984"}],"wp:attachment":[{"href":"https:\/\/www.valuemedpharma.com\/fr\/wp-json\/wp\/v2\/media?parent=24986"}],"wp:term":[{"taxonomy":"product_brand","embeddable":true,"href":"https:\/\/www.valuemedpharma.com\/fr\/wp-json\/wp\/v2\/product_brand?post=24986"},{"taxonomy":"product_cat","embeddable":true,"href":"https:\/\/www.valuemedpharma.com\/fr\/wp-json\/wp\/v2\/product_cat?post=24986"},{"taxonomy":"product_tag","embeddable":true,"href":"https:\/\/www.valuemedpharma.com\/fr\/wp-json\/wp\/v2\/product_tag?post=24986"}],"curies":[{"name":"wp","href":"https:\/\/api.w.org\/{rel}","templated":true}]}}