{"id":26117,"date":"2025-09-19T12:39:21","date_gmt":"2025-09-19T10:39:21","guid":{"rendered":"https:\/\/www.valuemedpharma.com\/quienes-somos\/"},"modified":"2025-11-05T11:13:28","modified_gmt":"2025-11-05T10:13:28","slug":"quienes-somos","status":"publish","type":"page","link":"https:\/\/www.valuemedpharma.com\/es\/quienes-somos\/","title":{"rendered":"Qui\u00e9nes Somos"},"content":{"rendered":"\t\t<div data-elementor-type=\"wp-page\" data-elementor-id=\"26117\" class=\"elementor elementor-26117 elementor-22415\" data-elementor-post-type=\"page\">\n\t\t\t\t<div class=\"elementor-element elementor-element-525c7d4 e-con-full e-flex e-con e-child\" data-id=\"525c7d4\" data-element_type=\"container\" data-e-type=\"container\">\n\t\t\t\t<div class=\"elementor-element elementor-element-0aec2bb elementor-widget__width-inherit elementor-widget elementor-widget-heading\" data-id=\"0aec2bb\" data-element_type=\"widget\" data-e-type=\"widget\" data-widget_type=\"heading.default\">\n\t\t\t\t<div class=\"elementor-widget-container\">\n\t\t\t\t\t<h2 class=\"elementor-heading-title elementor-size-default\">Nuestros productos<\/h2>\t\t\t\t<\/div>\n\t\t\t\t<\/div>\n\t\t\t\t<div class=\"elementor-element elementor-element-9bce0b8 elementor-widget__width-inherit elementor-widget elementor-widget-text-editor\" data-id=\"9bce0b8\" data-element_type=\"widget\" data-e-type=\"widget\" data-widget_type=\"text-editor.default\">\n\t\t\t\t<div class=\"elementor-widget-container\">\n\t\t\t\t\t\t\t\t\t<p>Entra en el mundo de ValueMED Pharma<\/p>\t\t\t\t\t\t\t\t<\/div>\n\t\t\t\t<\/div>\n\t\t\t\t<\/div>\n\t\t<div class=\"elementor-element elementor-element-d637f94 custom-invert e-flex e-con-boxed e-con e-parent\" data-id=\"d637f94\" data-element_type=\"container\" data-e-type=\"container\">\n\t\t\t\t\t<div class=\"e-con-inner\">\n\t\t<div class=\"elementor-element elementor-element-474d85e e-con-full e-flex e-con e-child\" data-id=\"474d85e\" data-element_type=\"container\" data-e-type=\"container\" id=\"about\" data-settings=\"{&quot;background_background&quot;:&quot;classic&quot;}\">\n\t\t\t\t<\/div>\n\t\t<div class=\"elementor-element elementor-element-2d74657 e-con-full e-flex e-con e-child\" data-id=\"2d74657\" data-element_type=\"container\" data-e-type=\"container\" data-settings=\"{&quot;background_background&quot;:&quot;classic&quot;}\">\n\t\t<div class=\"elementor-element elementor-element-582d106 e-con-full e-flex e-con e-child\" data-id=\"582d106\" data-element_type=\"container\" data-e-type=\"container\">\n\t\t\t\t<div class=\"elementor-element elementor-element-c609994 elementor-widget__width-initial elementor-widget elementor-widget-heading\" data-id=\"c609994\" data-element_type=\"widget\" data-e-type=\"widget\" data-widget_type=\"heading.default\">\n\t\t\t\t<div class=\"elementor-widget-container\">\n\t\t\t\t\t<h1 class=\"elementor-heading-title elementor-size-default\">Investigaci\u00f3n y Calidad<\/h1>\t\t\t\t<\/div>\n\t\t\t\t<\/div>\n\t\t\t\t<div class=\"elementor-element elementor-element-586df34 elementor-widget__width-initial elementor-widget elementor-widget-text-editor\" data-id=\"586df34\" data-element_type=\"widget\" data-e-type=\"widget\" data-widget_type=\"text-editor.default\">\n\t\t\t\t<div class=\"elementor-widget-container\">\n\t\t\t\t\t\t\t\t\t<p>ValueMED Pharma es una empresa de nutrici\u00f3n cient\u00edfica con m\u00e1s de 30 a\u00f1os de experiencia en el sector de los complementos para la salud, presente con \u00e9xito en el mercado internacional.<br>Nuestro know-how se basa en la investigaci\u00f3n, el desarrollo y el uso de las tecnolog\u00edas y descubrimientos m\u00e1s recientes de las industrias alimentaria y farmac\u00e9utica.<\/p><p>ValueMED Pharma es una empresa innovadora y todos nuestros productos \u201cMade in Europe\u201d est\u00e1n desarrollados para satisfacer cada necesidad nutricional espec\u00edfica, tanto de los mercados nacionales como internacionales.<br>Todos nuestros productos se elaboran utilizando materias primas certificadas y est\u00e1n sujetos a rigurosas inspecciones para garantizar su seguridad.<\/p>\t\t\t\t\t\t\t\t<\/div>\n\t\t\t\t<\/div>\n\t\t\t\t<div class=\"elementor-element elementor-element-66c3757 elementor-align-justify elementor-widget elementor-widget-button\" data-id=\"66c3757\" data-element_type=\"widget\" data-e-type=\"widget\" data-widget_type=\"button.default\">\n\t\t\t\t<div class=\"elementor-widget-container\">\n\t\t\t\t\t\t\t\t\t<div class=\"elementor-button-wrapper\">\n\t\t\t\t\t<a class=\"elementor-button elementor-button-link elementor-size-sm\" href=\"https:\/\/www.youtube.com\/watch?v=Z7MfxeSM8wE#\" target=\"_blank\">\n\t\t\t\t\t\t<span class=\"elementor-button-content-wrapper\">\n\t\t\t\t\t\t\t\t\t<span class=\"elementor-button-text\">M\u00e1s Informaci\u00f3n <\/span>\n\t\t\t\t\t<\/span>\n\t\t\t\t\t<\/a>\n\t\t\t\t<\/div>\n\t\t\t\t\t\t\t\t<\/div>\n\t\t\t\t<\/div>\n\t\t\t\t<\/div>\n\t\t\t\t<\/div>\n\t\t\t\t\t<\/div>\n\t\t\t\t<\/div>\n\t\t<div class=\"elementor-element elementor-element-0d5448a custom-invert e-flex e-con-boxed e-con e-parent\" data-id=\"0d5448a\" data-element_type=\"container\" data-e-type=\"container\">\n\t\t\t\t\t<div class=\"e-con-inner\">\n\t\t<div class=\"elementor-element elementor-element-e91eceb e-con-full e-flex e-con e-child\" data-id=\"e91eceb\" data-element_type=\"container\" data-e-type=\"container\" id=\"portfolio\" data-settings=\"{&quot;background_background&quot;:&quot;classic&quot;}\">\n\t\t\t\t<\/div>\n\t\t<div class=\"elementor-element elementor-element-1ecb09f e-con-full e-flex e-con e-child\" data-id=\"1ecb09f\" data-element_type=\"container\" data-e-type=\"container\" data-settings=\"{&quot;background_background&quot;:&quot;classic&quot;}\">\n\t\t<div class=\"elementor-element elementor-element-072a37e e-con-full e-flex e-con e-child\" data-id=\"072a37e\" data-element_type=\"container\" data-e-type=\"container\">\n\t\t\t\t<div class=\"elementor-element elementor-element-fa10fbc elementor-widget__width-initial elementor-widget elementor-widget-heading\" data-id=\"fa10fbc\" data-element_type=\"widget\" data-e-type=\"widget\" data-widget_type=\"heading.default\">\n\t\t\t\t<div class=\"elementor-widget-container\">\n\t\t\t\t\t<h1 class=\"elementor-heading-title elementor-size-default\">El Portafolio<\/h1>\t\t\t\t<\/div>\n\t\t\t\t<\/div>\n\t\t\t\t<div class=\"elementor-element elementor-element-8edc0ee elementor-widget__width-initial elementor-widget elementor-widget-text-editor\" data-id=\"8edc0ee\" data-element_type=\"widget\" data-e-type=\"widget\" data-widget_type=\"text-editor.default\">\n\t\t\t\t<div class=\"elementor-widget-container\">\n\t\t\t\t\t\t\t\t\t<p>ValueMED Pharma portfolio includes more than 90 products, covering all the main Health application areas.<\/p><p>La cartera de ValueMED Pharma incluye m\u00e1s de 90 productos, que cubren todas las principales \u00e1reas de aplicaci\u00f3n de la salud.<\/p><p>Tambi\u00e9n podemos crear envases espec\u00edficos, dise\u00f1ados de acuerdo con las tendencias y los gustos del mercado de destino concreto.<\/p><p>Our flexibility allows us to work with differentiated commercial realities, from multinationals to small companies, presenting them excellent products made in accordance to HACCP and GMP regulations.<\/p>\t\t\t\t\t\t\t\t<\/div>\n\t\t\t\t<\/div>\n\t\t\t\t<div class=\"elementor-element elementor-element-60dae4c elementor-align-justify elementor-widget elementor-widget-button\" data-id=\"60dae4c\" data-element_type=\"widget\" data-e-type=\"widget\" data-widget_type=\"button.default\">\n\t\t\t\t<div class=\"elementor-widget-container\">\n\t\t\t\t\t\t\t\t\t<div class=\"elementor-button-wrapper\">\n\t\t\t\t\t<a class=\"elementor-button elementor-button-link elementor-size-sm\" href=\"https:\/\/www.valuemedpharma.com\/es\/contacto\/\">\n\t\t\t\t\t\t<span class=\"elementor-button-content-wrapper\">\n\t\t\t\t\t\t\t\t\t<span class=\"elementor-button-text\">Cont\u00e1ctanos para saber m\u00e1s.<\/span>\n\t\t\t\t\t<\/span>\n\t\t\t\t\t<\/a>\n\t\t\t\t<\/div>\n\t\t\t\t\t\t\t\t<\/div>\n\t\t\t\t<\/div>\n\t\t\t\t<\/div>\n\t\t\t\t<\/div>\n\t\t\t\t\t<\/div>\n\t\t\t\t<\/div>\n\t\t<div class=\"elementor-element elementor-element-855f7ee e-flex e-con-boxed e-con e-parent\" data-id=\"855f7ee\" data-element_type=\"container\" data-e-type=\"container\">\n\t\t\t\t\t<div class=\"e-con-inner\">\n\t\t<div class=\"elementor-element elementor-element-0b3e479 e-con-full e-flex e-con e-child\" data-id=\"0b3e479\" data-element_type=\"container\" data-e-type=\"container\">\n\t\t\t\t<div class=\"elementor-element elementor-element-4bead38 elementor-widget__width-inherit elementor-widget elementor-widget-heading\" data-id=\"4bead38\" data-element_type=\"widget\" data-e-type=\"widget\" data-widget_type=\"heading.default\">\n\t\t\t\t<div class=\"elementor-widget-container\">\n\t\t\t\t\t<h2 class=\"elementor-heading-title elementor-size-default\">Nuestros productos<\/h2>\t\t\t\t<\/div>\n\t\t\t\t<\/div>\n\t\t\t\t<div class=\"elementor-element elementor-element-a94bc1d elementor-widget__width-inherit elementor-widget elementor-widget-text-editor\" data-id=\"a94bc1d\" data-element_type=\"widget\" data-e-type=\"widget\" data-widget_type=\"text-editor.default\">\n\t\t\t\t<div class=\"elementor-widget-container\">\n\t\t\t\t\t\t\t\t\t<p>Entra en el mundo de ValueMED Pharma<\/p>\t\t\t\t\t\t\t\t<\/div>\n\t\t\t\t<\/div>\n\t\t\t\t<\/div>\n\t\t<a class=\"elementor-element elementor-element-2ae060b e-con-full e-transform e-flex elementor-invisible e-con e-child\" data-id=\"2ae060b\" data-element_type=\"container\" data-e-type=\"container\" data-settings=\"{&quot;animation&quot;:&quot;fadeInUp&quot;,&quot;animation_delay&quot;:300,&quot;_transform_scale_effect_hover&quot;:{&quot;unit&quot;:&quot;px&quot;,&quot;size&quot;:1.020000000000000017763568394002504646778106689453125,&quot;sizes&quot;:[]},&quot;_transform_scale_effect_hover_tablet&quot;:{&quot;unit&quot;:&quot;px&quot;,&quot;size&quot;:&quot;&quot;,&quot;sizes&quot;:[]},&quot;_transform_scale_effect_hover_mobile&quot;:{&quot;unit&quot;:&quot;px&quot;,&quot;size&quot;:&quot;&quot;,&quot;sizes&quot;:[]}}\" href=\"https:\/\/www.valuemedpharma.com\/?s=Bravolac&#038;e_search_props=48443ad-22261\">\n\t\t<div class=\"elementor-element elementor-element-abd3797 e-con-full e-flex e-con e-child\" data-id=\"abd3797\" data-element_type=\"container\" data-e-type=\"container\" data-settings=\"{&quot;background_background&quot;:&quot;classic&quot;}\">\n\t\t\t\t<\/div>\n\t\t<div class=\"elementor-element elementor-element-a0827a4 e-con-full e-flex e-con e-child\" data-id=\"a0827a4\" data-element_type=\"container\" data-e-type=\"container\" data-settings=\"{&quot;background_background&quot;:&quot;classic&quot;}\">\n\t\t\t\t<div class=\"elementor-element elementor-element-9aca7f2 elementor-widget elementor-widget-heading\" data-id=\"9aca7f2\" data-element_type=\"widget\" data-e-type=\"widget\" data-widget_type=\"heading.default\">\n\t\t\t\t<div class=\"elementor-widget-container\">\n\t\t\t\t\t<h2 class=\"elementor-heading-title elementor-size-default\">S\u00f3lidos<\/h2>\t\t\t\t<\/div>\n\t\t\t\t<\/div>\n\t\t\t\t<div class=\"elementor-element elementor-element-f5cb159 elementor-widget-divider--view-line elementor-widget elementor-widget-divider\" data-id=\"f5cb159\" data-element_type=\"widget\" data-e-type=\"widget\" data-widget_type=\"divider.default\">\n\t\t\t\t<div class=\"elementor-widget-container\">\n\t\t\t\t\t\t\t<div class=\"elementor-divider\">\n\t\t\t<span class=\"elementor-divider-separator\">\n\t\t\t\t\t\t<\/span>\n\t\t<\/div>\n\t\t\t\t\t\t<\/div>\n\t\t\t\t<\/div>\n\t\t\t\t<div class=\"elementor-element elementor-element-b9ea8ba elementor-widget elementor-widget-text-editor\" data-id=\"b9ea8ba\" data-element_type=\"widget\" data-e-type=\"widget\" data-widget_type=\"text-editor.default\">\n\t\t\t\t<div class=\"elementor-widget-container\">\n\t\t\t\t\t\t\t\t\t<p>Bravolac Daily &amp; Bravolac Gyne<\/p>\t\t\t\t\t\t\t\t<\/div>\n\t\t\t\t<\/div>\n\t\t\t\t<\/div>\n\t\t\t\t<\/a>\n\t\t<a class=\"elementor-element elementor-element-deff0b6 e-con-full e-transform e-flex elementor-invisible e-con e-child\" data-id=\"deff0b6\" data-element_type=\"container\" data-e-type=\"container\" data-settings=\"{&quot;animation&quot;:&quot;fadeInUp&quot;,&quot;_transform_scale_effect_hover&quot;:{&quot;unit&quot;:&quot;px&quot;,&quot;size&quot;:1.020000000000000017763568394002504646778106689453125,&quot;sizes&quot;:[]},&quot;_transform_scale_effect_hover_tablet&quot;:{&quot;unit&quot;:&quot;px&quot;,&quot;size&quot;:&quot;&quot;,&quot;sizes&quot;:[]},&quot;_transform_scale_effect_hover_mobile&quot;:{&quot;unit&quot;:&quot;px&quot;,&quot;size&quot;:&quot;&quot;,&quot;sizes&quot;:[]}}\" href=\"https:\/\/www.valuemedpharma.com\/?s=kidal&#038;e_search_props=48443ad-22261\">\n\t\t<div class=\"elementor-element elementor-element-11434e3 e-con-full e-flex e-con e-child\" data-id=\"11434e3\" data-element_type=\"container\" data-e-type=\"container\" data-settings=\"{&quot;background_background&quot;:&quot;classic&quot;}\">\n\t\t\t\t<\/div>\n\t\t<div class=\"elementor-element elementor-element-00a7df9 e-con-full e-flex e-con e-child\" data-id=\"00a7df9\" data-element_type=\"container\" data-e-type=\"container\" data-settings=\"{&quot;background_background&quot;:&quot;classic&quot;}\">\n\t\t\t\t<div class=\"elementor-element elementor-element-3ed0785 elementor-widget elementor-widget-heading\" data-id=\"3ed0785\" data-element_type=\"widget\" data-e-type=\"widget\" data-widget_type=\"heading.default\">\n\t\t\t\t<div class=\"elementor-widget-container\">\n\t\t\t\t\t<h2 class=\"elementor-heading-title elementor-size-default\">L\u00edquidos<\/h2>\t\t\t\t<\/div>\n\t\t\t\t<\/div>\n\t\t\t\t<div class=\"elementor-element elementor-element-4dbc16e elementor-widget-divider--view-line elementor-widget elementor-widget-divider\" data-id=\"4dbc16e\" data-element_type=\"widget\" data-e-type=\"widget\" data-widget_type=\"divider.default\">\n\t\t\t\t<div class=\"elementor-widget-container\">\n\t\t\t\t\t\t\t<div class=\"elementor-divider\">\n\t\t\t<span class=\"elementor-divider-separator\">\n\t\t\t\t\t\t<\/span>\n\t\t<\/div>\n\t\t\t\t\t\t<\/div>\n\t\t\t\t<\/div>\n\t\t\t\t<div class=\"elementor-element elementor-element-8db55df elementor-widget elementor-widget-text-editor\" data-id=\"8db55df\" data-element_type=\"widget\" data-e-type=\"widget\" data-widget_type=\"text-editor.default\">\n\t\t\t\t<div class=\"elementor-widget-container\">\n\t\t\t\t\t\t\t\t\t<p>Kidal 400 IU Plus &amp; Mela Dorm<\/p>\t\t\t\t\t\t\t\t<\/div>\n\t\t\t\t<\/div>\n\t\t\t\t<\/div>\n\t\t\t\t<\/a>\n\t\t<a class=\"elementor-element elementor-element-7447e17 e-con-full e-transform e-flex elementor-invisible e-con e-child\" data-id=\"7447e17\" data-element_type=\"container\" data-e-type=\"container\" data-settings=\"{&quot;animation&quot;:&quot;fadeInUp&quot;,&quot;animation_delay&quot;:300,&quot;_transform_scale_effect_hover&quot;:{&quot;unit&quot;:&quot;px&quot;,&quot;size&quot;:1.020000000000000017763568394002504646778106689453125,&quot;sizes&quot;:[]},&quot;_transform_scale_effect_hover_tablet&quot;:{&quot;unit&quot;:&quot;px&quot;,&quot;size&quot;:&quot;&quot;,&quot;sizes&quot;:[]},&quot;_transform_scale_effect_hover_mobile&quot;:{&quot;unit&quot;:&quot;px&quot;,&quot;size&quot;:&quot;&quot;,&quot;sizes&quot;:[]}}\" href=\"https:\/\/www.valuemedpharma.com\/?s=extravenus&#038;e_search_props=48443ad-22261\">\n\t\t<div class=\"elementor-element elementor-element-9ca6b55 e-con-full e-flex e-con e-child\" data-id=\"9ca6b55\" data-element_type=\"container\" data-e-type=\"container\" data-settings=\"{&quot;background_background&quot;:&quot;classic&quot;}\">\n\t\t\t\t<\/div>\n\t\t<div class=\"elementor-element elementor-element-1b3d7fe e-con-full e-flex e-con e-child\" data-id=\"1b3d7fe\" data-element_type=\"container\" data-e-type=\"container\" data-settings=\"{&quot;background_background&quot;:&quot;classic&quot;}\">\n\t\t\t\t<div class=\"elementor-element elementor-element-2e1f435 elementor-widget elementor-widget-heading\" data-id=\"2e1f435\" data-element_type=\"widget\" data-e-type=\"widget\" data-widget_type=\"heading.default\">\n\t\t\t\t<div class=\"elementor-widget-container\">\n\t\t\t\t\t<h2 class=\"elementor-heading-title elementor-size-default\">Cosm\u00e9ticos<\/h2>\t\t\t\t<\/div>\n\t\t\t\t<\/div>\n\t\t\t\t<div class=\"elementor-element elementor-element-0e4a907 elementor-widget-divider--view-line elementor-widget elementor-widget-divider\" data-id=\"0e4a907\" data-element_type=\"widget\" data-e-type=\"widget\" data-widget_type=\"divider.default\">\n\t\t\t\t<div class=\"elementor-widget-container\">\n\t\t\t\t\t\t\t<div class=\"elementor-divider\">\n\t\t\t<span class=\"elementor-divider-separator\">\n\t\t\t\t\t\t<\/span>\n\t\t<\/div>\n\t\t\t\t\t\t<\/div>\n\t\t\t\t<\/div>\n\t\t\t\t<div class=\"elementor-element elementor-element-0c886e5 elementor-widget elementor-widget-text-editor\" data-id=\"0c886e5\" data-element_type=\"widget\" data-e-type=\"widget\" data-widget_type=\"text-editor.default\">\n\t\t\t\t<div class=\"elementor-widget-container\">\n\t\t\t\t\t\t\t\t\t<p>Extravenus<\/p>\t\t\t\t\t\t\t\t<\/div>\n\t\t\t\t<\/div>\n\t\t\t\t<\/div>\n\t\t\t\t<\/a>\n\t\t\t\t\t<\/div>\n\t\t\t\t<\/div>\n\t\t\t\t<\/div>\n\t\t","protected":false},"excerpt":{"rendered":"<p>Nuestros productos Entra en el mundo de ValueMED Pharma Investigaci\u00f3n y Calidad ValueMED Pharma es una empresa de nutrici\u00f3n cient\u00edfica con m\u00e1s de 30 a\u00f1os de experiencia en el sector de los complementos para la salud, presente con \u00e9xito en el mercado internacional.Nuestro know-how se basa en la investigaci\u00f3n, el desarrollo y el uso de [&hellip;]<\/p>\n","protected":false},"author":8,"featured_media":0,"parent":0,"menu_order":0,"comment_status":"closed","ping_status":"closed","template":"","meta":{"_acf_changed":false,"footnotes":""},"class_list":["post-26117","page","type-page","status-publish","hentry"],"acf":[],"yoast_head":"<!-- This site is optimized with the Yoast SEO plugin v27.1.1 - https:\/\/yoast.com\/product\/yoast-seo-wordpress\/ -->\n<title>Qui\u00e9nes Somos - ValueMED Pharma<\/title>\n<meta name=\"robots\" content=\"index, follow, max-snippet:-1, max-image-preview:large, max-video-preview:-1\" \/>\n<link rel=\"canonical\" href=\"https:\/\/www.valuemedpharma.com\/es\/quienes-somos\/\" \/>\n<meta property=\"og:locale\" content=\"es_ES\" \/>\n<meta property=\"og:type\" content=\"article\" \/>\n<meta property=\"og:title\" content=\"Qui\u00e9nes Somos - ValueMED Pharma\" \/>\n<meta property=\"og:description\" content=\"Nuestros productos Entra en el mundo de ValueMED Pharma Investigaci\u00f3n y Calidad ValueMED Pharma es una empresa de nutrici\u00f3n cient\u00edfica con m\u00e1s de 30 a\u00f1os de experiencia en el sector de los complementos para la salud, presente con \u00e9xito en el mercado internacional.Nuestro know-how se basa en la investigaci\u00f3n, el desarrollo y el uso de [&hellip;]\" \/>\n<meta property=\"og:url\" content=\"https:\/\/www.valuemedpharma.com\/es\/quienes-somos\/\" \/>\n<meta property=\"og:site_name\" content=\"ValueMED Pharma\" \/>\n<meta property=\"article:publisher\" content=\"https:\/\/www.facebook.com\/ValuemedPharma\" \/>\n<meta property=\"article:modified_time\" content=\"2025-11-05T10:13:28+00:00\" \/>\n<meta name=\"twitter:card\" content=\"summary_large_image\" \/>\n<meta name=\"twitter:label1\" content=\"Tiempo de lectura\" \/>\n\t<meta name=\"twitter:data1\" content=\"1 minuto\" \/>\n<script type=\"application\/ld+json\" class=\"yoast-schema-graph\">{\"@context\":\"https:\/\/schema.org\",\"@graph\":[{\"@type\":\"WebPage\",\"@id\":\"https:\/\/www.valuemedpharma.com\/es\/quienes-somos\/\",\"url\":\"https:\/\/www.valuemedpharma.com\/es\/quienes-somos\/\",\"name\":\"Qui\u00e9nes Somos - ValueMED Pharma\",\"isPartOf\":{\"@id\":\"https:\/\/www.valuemedpharma.com\/es\/#website\"},\"datePublished\":\"2025-09-19T10:39:21+00:00\",\"dateModified\":\"2025-11-05T10:13:28+00:00\",\"breadcrumb\":{\"@id\":\"https:\/\/www.valuemedpharma.com\/es\/quienes-somos\/#breadcrumb\"},\"inLanguage\":\"es\",\"potentialAction\":[{\"@type\":\"ReadAction\",\"target\":[\"https:\/\/www.valuemedpharma.com\/es\/quienes-somos\/\"]}]},{\"@type\":\"BreadcrumbList\",\"@id\":\"https:\/\/www.valuemedpharma.com\/es\/quienes-somos\/#breadcrumb\",\"itemListElement\":[{\"@type\":\"ListItem\",\"position\":1,\"name\":\"Home\",\"item\":\"https:\/\/www.valuemedpharma.com\/es\/homepage\/\"},{\"@type\":\"ListItem\",\"position\":2,\"name\":\"Qui\u00e9nes Somos\"}]},{\"@type\":\"WebSite\",\"@id\":\"https:\/\/www.valuemedpharma.com\/es\/#website\",\"url\":\"https:\/\/www.valuemedpharma.com\/es\/\",\"name\":\"ValueMED Pharma\",\"description\":\"Integratori Alimentari al Servizio del Benessere\",\"publisher\":{\"@id\":\"https:\/\/www.valuemedpharma.com\/es\/#organization\"},\"alternateName\":\"ValueMED Pharma\",\"potentialAction\":[{\"@type\":\"SearchAction\",\"target\":{\"@type\":\"EntryPoint\",\"urlTemplate\":\"https:\/\/www.valuemedpharma.com\/es\/?s={search_term_string}\"},\"query-input\":{\"@type\":\"PropertyValueSpecification\",\"valueRequired\":true,\"valueName\":\"search_term_string\"}}],\"inLanguage\":\"es\"},{\"@type\":\"Organization\",\"@id\":\"https:\/\/www.valuemedpharma.com\/es\/#organization\",\"name\":\"ValueMED Pharma\",\"url\":\"https:\/\/www.valuemedpharma.com\/es\/\",\"logo\":{\"@type\":\"ImageObject\",\"inLanguage\":\"es\",\"@id\":\"https:\/\/www.valuemedpharma.com\/es\/#\/schema\/logo\/image\/\",\"url\":\"https:\/\/www.valuemedpharma.com\/wp-content\/uploads\/2023\/12\/cropped-VMP_Logo.png\",\"contentUrl\":\"https:\/\/www.valuemedpharma.com\/wp-content\/uploads\/2023\/12\/cropped-VMP_Logo.png\",\"width\":624,\"height\":115,\"caption\":\"ValueMED Pharma\"},\"image\":{\"@id\":\"https:\/\/www.valuemedpharma.com\/es\/#\/schema\/logo\/image\/\"},\"sameAs\":[\"https:\/\/www.facebook.com\/ValuemedPharma\",\"https:\/\/www.linkedin.com\/company\/valuemed-pharma-srl\/\",\"https:\/\/www.instagram.com\/valuemedpharma\/\"]}]}<\/script>\n<!-- \/ Yoast SEO plugin. -->","yoast_head_json":{"title":"Qui\u00e9nes Somos - ValueMED Pharma","robots":{"index":"index","follow":"follow","max-snippet":"max-snippet:-1","max-image-preview":"max-image-preview:large","max-video-preview":"max-video-preview:-1"},"canonical":"https:\/\/www.valuemedpharma.com\/es\/quienes-somos\/","og_locale":"es_ES","og_type":"article","og_title":"Qui\u00e9nes Somos - ValueMED Pharma","og_description":"Nuestros productos Entra en el mundo de ValueMED Pharma Investigaci\u00f3n y Calidad ValueMED Pharma es una empresa de nutrici\u00f3n cient\u00edfica con m\u00e1s de 30 a\u00f1os de experiencia en el sector de los complementos para la salud, presente con \u00e9xito en el mercado internacional.Nuestro know-how se basa en la investigaci\u00f3n, el desarrollo y el uso de [&hellip;]","og_url":"https:\/\/www.valuemedpharma.com\/es\/quienes-somos\/","og_site_name":"ValueMED Pharma","article_publisher":"https:\/\/www.facebook.com\/ValuemedPharma","article_modified_time":"2025-11-05T10:13:28+00:00","twitter_card":"summary_large_image","twitter_misc":{"Tiempo de lectura":"1 minuto"},"schema":{"@context":"https:\/\/schema.org","@graph":[{"@type":"WebPage","@id":"https:\/\/www.valuemedpharma.com\/es\/quienes-somos\/","url":"https:\/\/www.valuemedpharma.com\/es\/quienes-somos\/","name":"Qui\u00e9nes Somos - ValueMED Pharma","isPartOf":{"@id":"https:\/\/www.valuemedpharma.com\/es\/#website"},"datePublished":"2025-09-19T10:39:21+00:00","dateModified":"2025-11-05T10:13:28+00:00","breadcrumb":{"@id":"https:\/\/www.valuemedpharma.com\/es\/quienes-somos\/#breadcrumb"},"inLanguage":"es","potentialAction":[{"@type":"ReadAction","target":["https:\/\/www.valuemedpharma.com\/es\/quienes-somos\/"]}]},{"@type":"BreadcrumbList","@id":"https:\/\/www.valuemedpharma.com\/es\/quienes-somos\/#breadcrumb","itemListElement":[{"@type":"ListItem","position":1,"name":"Home","item":"https:\/\/www.valuemedpharma.com\/es\/homepage\/"},{"@type":"ListItem","position":2,"name":"Qui\u00e9nes Somos"}]},{"@type":"WebSite","@id":"https:\/\/www.valuemedpharma.com\/es\/#website","url":"https:\/\/www.valuemedpharma.com\/es\/","name":"ValueMED Pharma","description":"Integratori Alimentari al Servizio del Benessere","publisher":{"@id":"https:\/\/www.valuemedpharma.com\/es\/#organization"},"alternateName":"ValueMED Pharma","potentialAction":[{"@type":"SearchAction","target":{"@type":"EntryPoint","urlTemplate":"https:\/\/www.valuemedpharma.com\/es\/?s={search_term_string}"},"query-input":{"@type":"PropertyValueSpecification","valueRequired":true,"valueName":"search_term_string"}}],"inLanguage":"es"},{"@type":"Organization","@id":"https:\/\/www.valuemedpharma.com\/es\/#organization","name":"ValueMED Pharma","url":"https:\/\/www.valuemedpharma.com\/es\/","logo":{"@type":"ImageObject","inLanguage":"es","@id":"https:\/\/www.valuemedpharma.com\/es\/#\/schema\/logo\/image\/","url":"https:\/\/www.valuemedpharma.com\/wp-content\/uploads\/2023\/12\/cropped-VMP_Logo.png","contentUrl":"https:\/\/www.valuemedpharma.com\/wp-content\/uploads\/2023\/12\/cropped-VMP_Logo.png","width":624,"height":115,"caption":"ValueMED Pharma"},"image":{"@id":"https:\/\/www.valuemedpharma.com\/es\/#\/schema\/logo\/image\/"},"sameAs":["https:\/\/www.facebook.com\/ValuemedPharma","https:\/\/www.linkedin.com\/company\/valuemed-pharma-srl\/","https:\/\/www.instagram.com\/valuemedpharma\/"]}]}},"_links":{"self":[{"href":"https:\/\/www.valuemedpharma.com\/es\/wp-json\/wp\/v2\/pages\/26117","targetHints":{"allow":["GET"]}}],"collection":[{"href":"https:\/\/www.valuemedpharma.com\/es\/wp-json\/wp\/v2\/pages"}],"about":[{"href":"https:\/\/www.valuemedpharma.com\/es\/wp-json\/wp\/v2\/types\/page"}],"author":[{"embeddable":true,"href":"https:\/\/www.valuemedpharma.com\/es\/wp-json\/wp\/v2\/users\/8"}],"replies":[{"embeddable":true,"href":"https:\/\/www.valuemedpharma.com\/es\/wp-json\/wp\/v2\/comments?post=26117"}],"version-history":[{"count":2,"href":"https:\/\/www.valuemedpharma.com\/es\/wp-json\/wp\/v2\/pages\/26117\/revisions"}],"predecessor-version":[{"id":26173,"href":"https:\/\/www.valuemedpharma.com\/es\/wp-json\/wp\/v2\/pages\/26117\/revisions\/26173"}],"wp:attachment":[{"href":"https:\/\/www.valuemedpharma.com\/es\/wp-json\/wp\/v2\/media?parent=26117"}],"curies":[{"name":"wp","href":"https:\/\/api.w.org\/{rel}","templated":true}]}}